{"id":87,"date":"2012-06-01T11:08:33","date_gmt":"2012-06-01T09:08:33","guid":{"rendered":"http:\/\/www.arctaedius.se\/montendre\/?page_id=87"},"modified":"2016-07-31T12:18:15","modified_gmt":"2016-07-31T10:18:15","slug":"bad","status":"publish","type":"page","link":"https:\/\/www.montendre.se\/?page_id=87","title":{"rendered":"Bad"},"content":{"rendered":"<p>N\u00e4rmsta fina badstrand ligger i Meschers-sur-Gironde cirka 60 minuter med bil.<br \/>\n<iframe loading=\"lazy\" src=\"https:\/\/maps.google.se\/maps?f=q&amp;source=s_q&amp;hl=sv&amp;geocode=&amp;q=48+avenue+des+nonnes,+meschers-sur-gironde&amp;aq=&amp;sll=45.5607916,-0.9652011&amp;sspn=0.006287,0.010117&amp;t=m&amp;ie=UTF8&amp;hq=&amp;hnear=48+Avenue+des+Nonnes,+17132+Meschers-sur-Gironde,+Charente-Maritime,+Poitou-Charentes,+Frankrike&amp;z=8&amp;iwloc=A&amp;output=embed\" width=\"425\" height=\"350\" frameborder=\"0\" marginwidth=\"0\" marginheight=\"0\" scrolling=\"no\"><\/iframe><br \/>\n<small><a style=\"color: #0000ff; text-align: left;\" href=\"https:\/\/maps.google.se\/maps?f=q&amp;source=embed&amp;hl=sv&amp;geocode=&amp;q=48+avenue+des+nonnes,+meschers-sur-gironde&amp;aq=&amp;sll=45.5607916,-0.9652011&amp;sspn=0.006287,0.010117&amp;t=m&amp;ie=UTF8&amp;hq=&amp;hnear=42+Avenue+des+Nonnes,+17132+Meschers-sur-Gironde,+Charente-Maritime,+Poitou-Charentes,+Frankrike&amp;z=8&amp;iwloc=A\">Visa st\u00f6rre karta<\/a><\/small><\/p>\n<p>Vill man ha en st\u00f6rre badstrand kan man \u00e5ka cirka 10 minuter till f\u00f6r att komma till Royans l\u00e5ngstr\u00e4ckta strand.<br \/>\n<iframe loading=\"lazy\" src=\"https:\/\/maps.google.se\/maps?f=q&amp;source=s_q&amp;hl=sv&amp;geocode=&amp;q=2+av.+de+la+grande+plage,+royan&amp;aq=&amp;sll=45.618983,-1.017019&amp;sspn=0.00314,0.005059&amp;t=m&amp;ie=UTF8&amp;hq=&amp;hnear=2+Avenue+de+la+Grande+Plage,+17200+Royan,+Charente-Maritime,+Poitou-Charentes,+Frankrike&amp;z=10&amp;iwloc=A&amp;output=embed\" width=\"425\" height=\"350\" frameborder=\"0\" marginwidth=\"0\" marginheight=\"0\" scrolling=\"no\"><\/iframe><br \/>\n<small><a style=\"color: #0000ff; text-align: left;\" href=\"https:\/\/maps.google.se\/maps?f=q&amp;source=embed&amp;hl=sv&amp;geocode=&amp;q=2+av.+de+la+grande+plage,+royan&amp;aq=&amp;sll=45.618983,-1.017019&amp;sspn=0.00314,0.005059&amp;t=m&amp;ie=UTF8&amp;hq=&amp;hnear=2+Avenue+de+la+Grande+Plage,+17200+Royan,+Charente-Maritime,+Poitou-Charentes,+Frankrike&amp;z=10&amp;iwloc=A\">Visa st\u00f6rre karta<\/a><\/small><\/p>\n<p>Lokalborna verkar f\u00f6redra La Grande C\u00f4te stranden strax norr om Royan. H\u00e4r \u00e4r det havet &#8221;p\u00e5 riktigt&#8221; s\u00e5 att s\u00e4ga. 1 timme och 10 minuter med bil.<br \/>\n<iframe loading=\"lazy\" style=\"border: 0;\" src=\"https:\/\/www.google.com\/maps\/embed?pb=!1m18!1m12!1m3!1d357718.10259089957!2d-0.7968836940000308!3d45.536792060339025!2m3!1f0!2f0!3f0!3m2!1i1024!2i768!4f13.1!3m3!1m2!1s0x0000000000000000%3A0x4e1cdffb25abb614!2sPlage+de+la+Grande+C%C3%B4te!5e0!3m2!1ssv!2sfr!4v1436289552089\" width=\"600\" height=\"450\" frameborder=\"0\" allowfullscreen=\"allowfullscreen\"><\/iframe><\/p>\n<p><a href=\"http:\/\/maree.info\/131\">Info om tidvatten<\/a><\/p>\n<p>Om man n\u00f6jer sig med en badsj\u00f6 finns det en i Montendre, Lac Baron-Desqueyroux.<\/p>\n<p><iframe loading=\"lazy\" style=\"border: 0;\" src=\"https:\/\/www.google.com\/maps\/embed?pb=!1m14!1m12!1m3!1d5615.701426831834!2d-0.39596739999999997!3d45.27102845000002!2m3!1f0!2f0!3f0!3m2!1i1024!2i768!4f13.1!5e0!3m2!1ssv!2sfr!4v1433693639479\" width=\"600\" height=\"450\" frameborder=\"0\"><\/iframe><\/p>\n","protected":false},"excerpt":{"rendered":"<p>N\u00e4rmsta fina badstrand ligger i Meschers-sur-Gironde cirka 60 minuter med bil. Visa st\u00f6rre karta Vill man ha en st\u00f6rre badstrand kan man \u00e5ka cirka 10 minuter till f\u00f6r att komma till Royans l\u00e5ngstr\u00e4ckta strand. Visa st\u00f6rre karta Lokalborna verkar f\u00f6redra La Grande C\u00f4te stranden strax norr om Royan. H\u00e4r \u00e4r &#8230;<\/p>\n","protected":false},"author":1,"featured_media":0,"parent":0,"menu_order":400,"comment_status":"closed","ping_status":"closed","template":"","meta":{"jetpack_post_was_ever_published":false,"footnotes":""},"jetpack_sharing_enabled":true,"_links":{"self":[{"href":"https:\/\/www.montendre.se\/index.php?rest_route=\/wp\/v2\/pages\/87"}],"collection":[{"href":"https:\/\/www.montendre.se\/index.php?rest_route=\/wp\/v2\/pages"}],"about":[{"href":"https:\/\/www.montendre.se\/index.php?rest_route=\/wp\/v2\/types\/page"}],"author":[{"embeddable":true,"href":"https:\/\/www.montendre.se\/index.php?rest_route=\/wp\/v2\/users\/1"}],"replies":[{"embeddable":true,"href":"https:\/\/www.montendre.se\/index.php?rest_route=%2Fwp%2Fv2%2Fcomments&post=87"}],"version-history":[{"count":12,"href":"https:\/\/www.montendre.se\/index.php?rest_route=\/wp\/v2\/pages\/87\/revisions"}],"predecessor-version":[{"id":2378,"href":"https:\/\/www.montendre.se\/index.php?rest_route=\/wp\/v2\/pages\/87\/revisions\/2378"}],"wp:attachment":[{"href":"https:\/\/www.montendre.se\/index.php?rest_route=%2Fwp%2Fv2%2Fmedia&parent=87"}],"curies":[{"name":"wp","href":"https:\/\/api.w.org\/{rel}","templated":true}]}}