{"id":65,"date":"2012-07-27T20:48:42","date_gmt":"2012-07-27T18:48:42","guid":{"rendered":"http:\/\/www.arctaedius.se\/montendre\/?page_id=65"},"modified":"2024-05-01T19:48:16","modified_gmt":"2024-05-01T17:48:16","slug":"huset","status":"publish","type":"page","link":"https:\/\/www.montendre.se\/","title":{"rendered":"Huset"},"content":{"rendered":"<p>Huset, som \u00e4r byggt 1805, ligger mitt inne i byn <a href=\"http:\/\/fr.wikipedia.org\/wiki\/Montendre\">Montendre<\/a>\u00a0med cirka 3000 innev\u00e5nare i departementet\u00a0<a title=\"Charente-Maritime\" href=\"http:\/\/fr.wikipedia.org\/wiki\/Charente-Maritime\">Charente-Maritime<\/a>.<\/p>\n<p><a href=\"https:\/\/www.montendre.se\/wp-content\/uploads\/2012\/07\/IMG_5343.jpg\"><img loading=\"lazy\" decoding=\"async\" class=\"alignright wp-image-3146 size-medium\" title=\"095_400h.jpg\" src=\"https:\/\/www.montendre.se\/wp-content\/uploads\/2012\/07\/IMG_5343-300x282.jpg\" alt=\"\" width=\"300\" height=\"282\" srcset=\"https:\/\/www.montendre.se\/wp-content\/uploads\/2012\/07\/IMG_5343-300x282.jpg 300w, https:\/\/www.montendre.se\/wp-content\/uploads\/2012\/07\/IMG_5343-1024x965.jpg 1024w, https:\/\/www.montendre.se\/wp-content\/uploads\/2012\/07\/IMG_5343-700x660.jpg 700w, https:\/\/www.montendre.se\/wp-content\/uploads\/2012\/07\/IMG_5343.jpg 1600w\" sizes=\"(max-width: 300px) 100vw, 300px\" \/><\/a><br \/>\nHuset best\u00e5r av 3 sovrum och ett badrum p\u00e5 ovanv\u00e5ningen och 2 sovrum, k\u00f6k, matrum och badrum p\u00e5 bottenv\u00e5ningen.<\/p>\n<p>P\u00e5 baksidan av huset finns en uteplats och tr\u00e4dg\u00e5rd p\u00e5 cirka 2000 kvm.<\/p>\n<p>P\u00e5 baksidans ovanv\u00e5ning finns \u00e4ven en balkong p\u00e5 cirka 30 kvm.<\/p>\n<div class=\"jetpack_subscription_widget\"><h2 class=\"widgettitle\">Prenumerera p\u00e5 nya inl\u00e4gg<\/h2>\n\t\t\t<div class=\"wp-block-jetpack-subscriptions__container\">\n\t\t\t<form action=\"#\" method=\"post\" accept-charset=\"utf-8\" id=\"subscribe-blog-1\"\n\t\t\t\tdata-blog=\"230183586\"\n\t\t\t\tdata-post_access_level=\"everybody\" >\n\t\t\t\t\t\t\t\t\t<div id=\"subscribe-text\"><p>Skriv in din emailadress f\u00f6r att prenumerera p\u00e5 inl\u00e4gg och f\u00e5 notifiering via email.<\/p>\n<\/div>\n\t\t\t\t\t\t\t\t\t\t<p id=\"subscribe-email\">\n\t\t\t\t\t\t<label id=\"jetpack-subscribe-label\"\n\t\t\t\t\t\t\tclass=\"screen-reader-text\"\n\t\t\t\t\t\t\tfor=\"subscribe-field-1\">\n\t\t\t\t\t\t\tEmailadress\t\t\t\t\t\t<\/label>\n\t\t\t\t\t\t<input type=\"email\" name=\"email\" required=\"required\"\n\t\t\t\t\t\t\t\t\t\t\t\t\t\t\t\t\t\t\t\t\tvalue=\"\"\n\t\t\t\t\t\t\tid=\"subscribe-field-1\"\n\t\t\t\t\t\t\tplaceholder=\"Emailadress\"\n\t\t\t\t\t\t\/>\n\t\t\t\t\t<\/p>\n\n\t\t\t\t\t<p id=\"subscribe-submit\"\n\t\t\t\t\t\t\t\t\t\t\t>\n\t\t\t\t\t\t<input type=\"hidden\" name=\"action\" value=\"subscribe\"\/>\n\t\t\t\t\t\t<input type=\"hidden\" name=\"source\" value=\"https:\/\/www.montendre.se\/index.php?rest_route=%2Fwp%2Fv2%2Fpages%2F65\"\/>\n\t\t\t\t\t\t<input type=\"hidden\" name=\"sub-type\" value=\"widget\"\/>\n\t\t\t\t\t\t<input type=\"hidden\" name=\"redirect_fragment\" value=\"subscribe-blog-1\"\/>\n\t\t\t\t\t\t<input type=\"hidden\" id=\"_wpnonce\" name=\"_wpnonce\" value=\"9f92a288c8\" \/><input type=\"hidden\" name=\"_wp_http_referer\" value=\"\/index.php?rest_route=%2Fwp%2Fv2%2Fpages%2F65\" \/>\t\t\t\t\t\t<button type=\"submit\"\n\t\t\t\t\t\t\t\t\t\t\t\t\t\t\tclass=\"wp-block-button__link\"\n\t\t\t\t\t\t\t\t\t\t\t\t\t\t\t\t\t\t\t\t\t\tstyle=\"margin: 0px; margin-left: 0px;\"\n\t\t\t\t\t\t\t\t\t\t\t\t\t\tname=\"jetpack_subscriptions_widget\"\n\t\t\t\t\t\t>\n\t\t\t\t\t\t\tPrenumerera\t\t\t\t\t\t<\/button>\n\t\t\t\t\t<\/p>\n\t\t\t\t\t\t\t<\/form>\n\t\t\t\t\t\t\t<div class=\"wp-block-jetpack-subscriptions__subscount\">\n\t\t\t\t\t\t\t\t\t<\/div>\n\t\t\t\t\t\t<\/div>\n\t\t\t\n<\/div>\n","protected":false},"excerpt":{"rendered":"<p>Huset, som \u00e4r byggt 1805, ligger mitt inne i byn Montendre\u00a0med cirka 3000 innev\u00e5nare i departementet\u00a0Charente-Maritime. Huset best\u00e5r av 3 sovrum och ett badrum p\u00e5 ovanv\u00e5ningen och 2 sovrum, k\u00f6k, matrum och badrum p\u00e5 bottenv\u00e5ningen. P\u00e5 baksidan av huset finns en uteplats och tr\u00e4dg\u00e5rd p\u00e5 cirka 2000 kvm. P\u00e5 baksidans &#8230;<\/p>\n","protected":false},"author":1,"featured_media":0,"parent":0,"menu_order":5,"comment_status":"closed","ping_status":"open","template":"","meta":{"jetpack_post_was_ever_published":false,"footnotes":""},"jetpack_sharing_enabled":true,"_links":{"self":[{"href":"https:\/\/www.montendre.se\/index.php?rest_route=\/wp\/v2\/pages\/65"}],"collection":[{"href":"https:\/\/www.montendre.se\/index.php?rest_route=\/wp\/v2\/pages"}],"about":[{"href":"https:\/\/www.montendre.se\/index.php?rest_route=\/wp\/v2\/types\/page"}],"author":[{"embeddable":true,"href":"https:\/\/www.montendre.se\/index.php?rest_route=\/wp\/v2\/users\/1"}],"replies":[{"embeddable":true,"href":"https:\/\/www.montendre.se\/index.php?rest_route=%2Fwp%2Fv2%2Fcomments&post=65"}],"version-history":[{"count":25,"href":"https:\/\/www.montendre.se\/index.php?rest_route=\/wp\/v2\/pages\/65\/revisions"}],"predecessor-version":[{"id":6003,"href":"https:\/\/www.montendre.se\/index.php?rest_route=\/wp\/v2\/pages\/65\/revisions\/6003"}],"wp:attachment":[{"href":"https:\/\/www.montendre.se\/index.php?rest_route=%2Fwp%2Fv2%2Fmedia&parent=65"}],"curies":[{"name":"wp","href":"https:\/\/api.w.org\/{rel}","templated":true}]}}