{"id":5441,"date":"2023-04-05T21:54:46","date_gmt":"2023-04-05T19:54:46","guid":{"rendered":"https:\/\/www.montendre.se\/?page_id=5441"},"modified":"2024-01-14T21:12:54","modified_gmt":"2024-01-14T20:12:54","slug":"solkraftverk","status":"publish","type":"page","link":"https:\/\/www.montendre.se\/?page_id=5441","title":{"rendered":"Solkraftverk"},"content":{"rendered":"<p>Montendre har ett bland Frankrikes tionde st\u00f6rsta solkraftverk. Det producerar 5,5 Mw vilket b\u00f6r bli ungef\u00e4r 5 000 000 kWh\/\u00e5r. Det motsvarar el f\u00f6r ungef\u00e4r 1250 hush\u00e5ll. Kommunen har ungef\u00e4r 1700 bost\u00e4der s\u00e5 solkraftverket l\u00e4r kunna f\u00f6rse 75% av hush\u00e5llen med el. Det \u00e4r exklusive uppv\u00e4rmning men det \u00e4r r\u00e4tt f\u00e5 bost\u00e4der p\u00e5 franska landsbygden som \u00e4r uppv\u00e4rmda av el.<\/p>\n","protected":false},"excerpt":{"rendered":"<p>Montendre har ett bland Frankrikes tionde st\u00f6rsta solkraftverk. Det producerar 5,5 Mw vilket b\u00f6r bli ungef\u00e4r 5 000 000 kWh\/\u00e5r. Det motsvarar el f\u00f6r ungef\u00e4r 1250 hush\u00e5ll. Kommunen har ungef\u00e4r 1700 bost\u00e4der s\u00e5 solkraftverket l\u00e4r kunna f\u00f6rse 75% av hush\u00e5llen med el. Det \u00e4r exklusive uppv\u00e4rmning men det \u00e4r r\u00e4tt &#8230;<\/p>\n","protected":false},"author":1,"featured_media":0,"parent":0,"menu_order":950,"comment_status":"closed","ping_status":"closed","template":"","meta":{"jetpack_post_was_ever_published":false,"footnotes":""},"jetpack_sharing_enabled":true,"_links":{"self":[{"href":"https:\/\/www.montendre.se\/index.php?rest_route=\/wp\/v2\/pages\/5441"}],"collection":[{"href":"https:\/\/www.montendre.se\/index.php?rest_route=\/wp\/v2\/pages"}],"about":[{"href":"https:\/\/www.montendre.se\/index.php?rest_route=\/wp\/v2\/types\/page"}],"author":[{"embeddable":true,"href":"https:\/\/www.montendre.se\/index.php?rest_route=\/wp\/v2\/users\/1"}],"replies":[{"embeddable":true,"href":"https:\/\/www.montendre.se\/index.php?rest_route=%2Fwp%2Fv2%2Fcomments&post=5441"}],"version-history":[{"count":6,"href":"https:\/\/www.montendre.se\/index.php?rest_route=\/wp\/v2\/pages\/5441\/revisions"}],"predecessor-version":[{"id":5859,"href":"https:\/\/www.montendre.se\/index.php?rest_route=\/wp\/v2\/pages\/5441\/revisions\/5859"}],"wp:attachment":[{"href":"https:\/\/www.montendre.se\/index.php?rest_route=%2Fwp%2Fv2%2Fmedia&parent=5441"}],"curies":[{"name":"wp","href":"https:\/\/api.w.org\/{rel}","templated":true}]}}