{"id":483,"date":"2013-07-05T23:08:29","date_gmt":"2013-07-05T21:08:29","guid":{"rendered":"http:\/\/www.montendre.se\/?page_id=483"},"modified":"2024-12-29T16:59:18","modified_gmt":"2024-12-29T15:59:18","slug":"aktiviteter","status":"publish","type":"page","link":"https:\/\/www.montendre.se\/?page_id=483","title":{"rendered":"Aktiviteter"},"content":{"rendered":"<ul>\n<li>I Montendre finns en badsj\u00f6 d\u00e4r det \u00e4ven finns en utomhuspool. (<a href=\"http:\/\/www.montendre-tourisme.fr\/sortir\/montendre\/?idP=41908&amp;idPage=se-distraire-2\/loisirs-de-plein-air\" target=\"_blank\" rel=\"noopener\">Bassin\u00a0ludique\u00a0du\u00a0lac\u00a0baron\u00a0<\/a><strong><a href=\"http:\/\/www.montendre-tourisme.fr\/sortir\/montendre\/?idP=41908&amp;idPage=se-distraire-2\/loisirs-de-plein-air\">Desqueyroux<\/a>)<\/strong><\/li>\n<li>Det finns en \u00e4ven en <a href=\"http:\/\/www.golfdemontendre.com\" target=\"_blank\" rel=\"noopener\">9-h\u00e5ls golfbana<\/a> i Montendre.<\/li>\n<li>En stor badanl\u00e4ggning, <a href=\"http:\/\/www.lesantillesdejonzac.com\" target=\"_blank\" rel=\"noopener\">Les Antilles<\/a>, finns i Jonzac.<\/li>\n<li>I b\u00f6rjan av varje sommar \u00e4ger en musikfestival rum i byn, <a href=\"http:\/\/www.freemusic-festival.com\" target=\"_blank\" rel=\"noopener\">Free Music Festival<\/a>.<\/li>\n<\/ul>\n<p>Fler aktiviteter kan man hitta p\u00e5\u00a0<a href=\"https:\/\/tourisme.haute-saintonge.org\/accueil-tourisme\" target=\"_blank\" rel=\"noopener\">Haute-Saintonges sidor<\/a>.<\/p>\n","protected":false},"excerpt":{"rendered":"<p>I Montendre finns en badsj\u00f6 d\u00e4r det \u00e4ven finns en utomhuspool. (Bassin\u00a0ludique\u00a0du\u00a0lac\u00a0baron\u00a0Desqueyroux) Det finns en \u00e4ven en 9-h\u00e5ls golfbana i Montendre. En stor badanl\u00e4ggning, Les Antilles, finns i Jonzac. I b\u00f6rjan av varje sommar \u00e4ger en musikfestival rum i byn, Free Music Festival. Fler aktiviteter kan man hitta p\u00e5\u00a0Haute-Saintonges sidor.<\/p>\n","protected":false},"author":1,"featured_media":0,"parent":0,"menu_order":75,"comment_status":"closed","ping_status":"closed","template":"","meta":{"jetpack_post_was_ever_published":false,"footnotes":""},"jetpack_sharing_enabled":true,"_links":{"self":[{"href":"https:\/\/www.montendre.se\/index.php?rest_route=\/wp\/v2\/pages\/483"}],"collection":[{"href":"https:\/\/www.montendre.se\/index.php?rest_route=\/wp\/v2\/pages"}],"about":[{"href":"https:\/\/www.montendre.se\/index.php?rest_route=\/wp\/v2\/types\/page"}],"author":[{"embeddable":true,"href":"https:\/\/www.montendre.se\/index.php?rest_route=\/wp\/v2\/users\/1"}],"replies":[{"embeddable":true,"href":"https:\/\/www.montendre.se\/index.php?rest_route=%2Fwp%2Fv2%2Fcomments&post=483"}],"version-history":[{"count":12,"href":"https:\/\/www.montendre.se\/index.php?rest_route=\/wp\/v2\/pages\/483\/revisions"}],"predecessor-version":[{"id":6532,"href":"https:\/\/www.montendre.se\/index.php?rest_route=\/wp\/v2\/pages\/483\/revisions\/6532"}],"wp:attachment":[{"href":"https:\/\/www.montendre.se\/index.php?rest_route=%2Fwp%2Fv2%2Fmedia&parent=483"}],"curies":[{"name":"wp","href":"https:\/\/api.w.org\/{rel}","templated":true}]}}