{"id":26,"date":"2012-06-21T23:11:32","date_gmt":"2012-06-21T21:11:32","guid":{"rendered":"http:\/\/www.arctaedius.se\/montendre\/?page_id=26"},"modified":"2024-12-29T16:47:26","modified_gmt":"2024-12-29T15:47:26","slug":"vin","status":"publish","type":"page","link":"https:\/\/www.montendre.se\/?page_id=26","title":{"rendered":"Vin"},"content":{"rendered":"<p>Generell vininfo om Bordeaux: <a title=\"Vin i Bordeaux\" href=\"http:\/\/www.winetravelguides.com\/Guides\/France\/Bordeaux\/\" target=\"_blank\" rel=\"noopener\">http:\/\/www.winetravelguides.com\/Guides\/France\/Bordeaux\/<\/a><\/p>\n<p><a title=\"Ch\u00e2teau Bertinerie\" href=\"http:\/\/www.chateaubertinerie.com\" target=\"_blank\" rel=\"noopener\">Ch\u00e2teau Bertinerie<\/a>\u00a0Cirka 35 minuter med bil.<br \/>\n33620 CUBNEZAIS<br \/>\nLat: 45,29641 Long: -0,58871<br \/>\nLiten rundtur som man g\u00f6r sj\u00e4lv med provsmakning l\u00e4ngs turen. Kostar n\u00e5gra euro.<br \/>\nIngen imponerande byggnad.<br \/>\nViner under 10\u20ac<\/p>\n<p><a title=\"Ch\u00e2teau La Rose Bellevue\" href=\"http:\/\/www.chateau-larosebellevue.com\" target=\"_blank\" rel=\"noopener\">Ch\u00e2teau La Rose Bellevue<\/a>\u00a0Cirka 25 minuter med bil.<br \/>\nLat: 45,29641 Long: -0,58871<br \/>\n5 les Mourriers<br \/>\n33820 Saint-Palais<br \/>\nVi fick ingen rundtur n\u00e4r vi var d\u00e4r, bara provsmakning.<br \/>\nIngen imponerande byggnad.<br \/>\nViner under 10\u20ac<\/p>\n<p><a title=\"Ch\u00e2teau Cantinot\" href=\"http:\/\/www.chateau-cantinot.com\/\" target=\"_blank\" rel=\"noopener\">Ch\u00e2teau Cantinot<\/a>\u00a0 Cirka 35 minuter med bil.<br \/>\nLat: Long:<br \/>\n1 Cantinot<br \/>\n33390 CARS<br \/>\n\u00c4garen pratar engelska. Ingen rundtur n\u00e4r vi var d\u00e4r, d\u00e4remot personlig provsmakning och pratstund.<br \/>\nBilligaste vinet 18\u20ac.<\/p>\n<p><a href=\"http:\/\/www.chateau-segonzac.com\/anglais.html\" target=\"_blank\" rel=\"noopener\">Ch\u00e2teau Segonzac<\/a> Cirka 25 minuter med bil.<br \/>\n39 Lieu dit Segonzac<br \/>\n33390 &#8211; Saint Gen\u00e8s de Blaye<br \/>\n\u00c4garen pratar engelska. Ingen rundtur, endast provsmakning. Billigaste vinet kostar 7\u20ac.<\/p>\n<p>&nbsp;<\/p>\n<p>&nbsp;<\/p>\n<p>Bra <a href=\"https:\/\/www.vin-blaye.com\" target=\"_blank\" rel=\"noopener\">vinbutik i Blaye<\/a> (cirka 35 minuter med bil) med r\u00e4tt billiga prisv\u00e4rda viner, m\u00e5nga runt 5-10\u20ac. N\u00e4stan enbart C\u00f4tes de Blaye-viner.<br \/>\nMaison du Vin de Blaye<br \/>\n12 cours Vauban<br \/>\n33390 Blaye<\/p>\n<p>M\u00e9doc med alla dess vinslott. Det g\u00e5r en\u00a0<a href=\"https:\/\/www.bbte.fr\/en\/pratique\/comment-venir-comment-se-deplacer\/\" target=\"_blank\" rel=\"noopener\">betalf\u00e4rja<\/a>\u00a0fr\u00e5n Blaye \u00f6ver Gironde till Lamarque som ligger mitt emellan Pauillac och Margaux.<\/p>\n<p><a href=\"http:\/\/www.chateau-peyrabon.fr\/\" target=\"_blank\" rel=\"noopener\">Ch\u00e2teau Peyrabon<\/a> i M\u00e9doc erbjuder en kort, personlig guidad tur. Vin fr\u00e5n runt 10\u20ac.<\/p>\n","protected":false},"excerpt":{"rendered":"<p>Generell vininfo om Bordeaux: http:\/\/www.winetravelguides.com\/Guides\/France\/Bordeaux\/ Ch\u00e2teau Bertinerie\u00a0Cirka 35 minuter med bil. 33620 CUBNEZAIS Lat: 45,29641 Long: -0,58871 Liten rundtur som man g\u00f6r sj\u00e4lv med provsmakning l\u00e4ngs turen. Kostar n\u00e5gra euro. Ingen imponerande byggnad. Viner under 10\u20ac Ch\u00e2teau La Rose Bellevue\u00a0Cirka 25 minuter med bil. Lat: 45,29641 Long: -0,58871 5 les &#8230;<\/p>\n","protected":false},"author":1,"featured_media":0,"parent":0,"menu_order":30,"comment_status":"closed","ping_status":"closed","template":"","meta":{"jetpack_post_was_ever_published":false,"footnotes":""},"jetpack_sharing_enabled":true,"_links":{"self":[{"href":"https:\/\/www.montendre.se\/index.php?rest_route=\/wp\/v2\/pages\/26"}],"collection":[{"href":"https:\/\/www.montendre.se\/index.php?rest_route=\/wp\/v2\/pages"}],"about":[{"href":"https:\/\/www.montendre.se\/index.php?rest_route=\/wp\/v2\/types\/page"}],"author":[{"embeddable":true,"href":"https:\/\/www.montendre.se\/index.php?rest_route=\/wp\/v2\/users\/1"}],"replies":[{"embeddable":true,"href":"https:\/\/www.montendre.se\/index.php?rest_route=%2Fwp%2Fv2%2Fcomments&post=26"}],"version-history":[{"count":24,"href":"https:\/\/www.montendre.se\/index.php?rest_route=\/wp\/v2\/pages\/26\/revisions"}],"predecessor-version":[{"id":6525,"href":"https:\/\/www.montendre.se\/index.php?rest_route=\/wp\/v2\/pages\/26\/revisions\/6525"}],"wp:attachment":[{"href":"https:\/\/www.montendre.se\/index.php?rest_route=%2Fwp%2Fv2%2Fmedia&parent=26"}],"curies":[{"name":"wp","href":"https:\/\/api.w.org\/{rel}","templated":true}]}}