{"id":2,"date":"2012-06-21T14:10:40","date_gmt":"2012-06-21T14:10:40","guid":{"rendered":"http:\/\/www.arctaedius.se\/montendre\/?page_id=2"},"modified":"2024-12-29T16:57:32","modified_gmt":"2024-12-29T15:57:32","slug":"exempelsida","status":"publish","type":"page","link":"https:\/\/www.montendre.se\/?page_id=2","title":{"rendered":"Sev\u00e4rdheter"},"content":{"rendered":"<ul>\n<li><a href=\"https:\/\/www.bordeaux-tourisme.com\" target=\"_blank\" rel=\"noopener\">Bordeaux<\/a> ligger cirka 50-60 minuter bort med bil. Stora delar av inre staden klassad som v\u00e4rldsarv.<\/li>\n<li>I Bordeaux finns bl.a. museet <a href=\"http:\/\/www.musee-aquitaine-bordeaux.fr\/en\">Musee d&#8217;Aquitaine<\/a>.<\/li>\n<li><a href=\"http:\/\/www.saint-emilion-tourisme.com\">Saint-Emilion<\/a> \u00e4r en fin gammal vin-by som \u00e4r klassad som v\u00e4rldsarv. Cirka 50-60 minuter med bil.<\/li>\n<li>M\u00e9doc med alla dess vinslott. Det g\u00e5r en <a href=\"http:\/\/www.tourisme-blaye.com\/index.php?option=com_content&amp;view=article&amp;id=87&amp;Itemid=66&amp;tmpl=en\">betalf\u00e4rja<\/a> fr\u00e5n Blaye \u00f6ver Gironde till Lamarque som ligger mitt emellan Pauillac och Margaux.<\/li>\n<li><a href=\"https:\/\/www.grottesduregulus.com\/en\/\">Grottbost\u00e4der i Meschers.<\/a><\/li>\n<li><a href=\"https:\/\/chateau-de-beaulon.fr\" target=\"_blank\" rel=\"noopener\">Chateau Beaulon<\/a> med bl\u00e5 k\u00e4llor i tr\u00e4dg\u00e5rden. Slottet tillverkar cognac och pineau som kan provsmakas.\u00a0\u00a0Cirka 35 minuter med bil.<\/li>\n<li>Byn Jonzac har ett <a href=\"http:\/\/fr.wikipedia.org\/wiki\/Ch\u00e2teau_de_Jonzac\">slott<\/a>,\u00a0medeltida gr\u00e4nder och en stor badanl\u00e4ggning &#8221;<a href=\"http:\/\/www.lesantillesdejonzac.com\/\">Les Antilles<\/a>&#8221;. Cirka 20 minuter med bil.<\/li>\n<li>Cognac, cirka 60 minuter med bil.<\/li>\n<li>Fyren <a href=\"http:\/\/www.phare-de-cordouan.fr\/english.html\" target=\"_blank\" rel=\"noopener\">Cordouan<\/a>, den enda fyren i v\u00e4rlden som ligger till havs och som man f\u00e5r bes\u00f6ka. Tydligen b\u00f6r man ta med sig ostronkniven f\u00f6r att plocka n\u00e5gra vilda ostron och \u00e4ta!<\/li>\n<li><a href=\"https:\/\/www.bbte.fr\/en\/essentiels\/patrimoine\/la-citadelle-de-blaye-2\/\" target=\"_blank\" rel=\"noopener\">Citadellet i Blaye<\/a> (35 minuter med bil)<\/li>\n<li>Ostronodlingar i Marennes. Cirka 90 minuter med bil. <a href=\"http:\/\/www.cite-huitre.com\/\" target=\"_blank\" rel=\"noopener\">La cit\u00e9 de l\u2019hu\u00eetre<\/a><\/li>\n<li>Slottet <a href=\"http:\/\/www.larochecourbon.fr\" target=\"_blank\" rel=\"noopener\">La Roche Courbon<\/a>\u00a0(cirka 60 minuter med bil)<\/li>\n<li>Slottet <a href=\"http:\/\/www.chateaulabrede.com\/\" target=\"_blank\" rel=\"noopener\">De La Br\u00e8de<\/a>\u00a0(cirka 65 minuter med bil)<\/li>\n<li>Om man gillar historia\/arkeologi och st\u00e5r ut med en l\u00e4ngre biltur (drygt 2 timmar) kan man \u00e5ka till <a href=\"https:\/\/archeologie.culture.gouv.fr\/lascaux\/en\" target=\"_blank\" rel=\"noopener\">grottorna i Lascaux<\/a>\u00a0eller till <a href=\"https:\/\/www.lascaux-dordogne.com\/en\/partager\/nos-incontournables\/les-eyzies\/\" target=\"_blank\" rel=\"noopener\">Les Eyzies<\/a>. L\u00e4s vad <a href=\"http:\/\/www.dn.se\/nyheter\/vetenskap\/karin-bojs-pa-spaning-efter-aldsta-konsten\/\">DN:s vetenskapssida tycker om Les Eyzies<\/a>.<\/li>\n<li>Nationalparken\u00a0<a href=\"https:\/\/www.pnr-perigord-limousin.fr\/en\/\" target=\"_blank\" rel=\"noopener\">Le Parc naturel r\u00e9gional P\u00e9rigord-Limousin<\/a> ligger runt 1 timme bort med bil.<\/li>\n<\/ul>\n<p>Fler sev\u00e4rdheter kan man hitta p\u00e5 <a href=\"https:\/\/tourisme.haute-saintonge.org\/accueil-tourisme\" target=\"_blank\" rel=\"noopener\">Haute-Saintonges sidor<\/a>.<\/p>\n<p>&nbsp;<\/p>\n","protected":false},"excerpt":{"rendered":"<p>Bordeaux ligger cirka 50-60 minuter bort med bil. Stora delar av inre staden klassad som v\u00e4rldsarv. I Bordeaux finns bl.a. museet Musee d&#8217;Aquitaine. Saint-Emilion \u00e4r en fin gammal vin-by som \u00e4r klassad som v\u00e4rldsarv. Cirka 50-60 minuter med bil. M\u00e9doc med alla dess vinslott. Det g\u00e5r en betalf\u00e4rja fr\u00e5n Blaye &#8230;<\/p>\n","protected":false},"author":1,"featured_media":0,"parent":0,"menu_order":70,"comment_status":"closed","ping_status":"open","template":"","meta":{"jetpack_post_was_ever_published":false,"footnotes":""},"jetpack_sharing_enabled":true,"_links":{"self":[{"href":"https:\/\/www.montendre.se\/index.php?rest_route=\/wp\/v2\/pages\/2"}],"collection":[{"href":"https:\/\/www.montendre.se\/index.php?rest_route=\/wp\/v2\/pages"}],"about":[{"href":"https:\/\/www.montendre.se\/index.php?rest_route=\/wp\/v2\/types\/page"}],"author":[{"embeddable":true,"href":"https:\/\/www.montendre.se\/index.php?rest_route=\/wp\/v2\/users\/1"}],"replies":[{"embeddable":true,"href":"https:\/\/www.montendre.se\/index.php?rest_route=%2Fwp%2Fv2%2Fcomments&post=2"}],"version-history":[{"count":37,"href":"https:\/\/www.montendre.se\/index.php?rest_route=\/wp\/v2\/pages\/2\/revisions"}],"predecessor-version":[{"id":6530,"href":"https:\/\/www.montendre.se\/index.php?rest_route=\/wp\/v2\/pages\/2\/revisions\/6530"}],"wp:attachment":[{"href":"https:\/\/www.montendre.se\/index.php?rest_route=%2Fwp%2Fv2%2Fmedia&parent=2"}],"curies":[{"name":"wp","href":"https:\/\/api.w.org\/{rel}","templated":true}]}}