{"id":1819,"date":"2015-06-29T21:43:00","date_gmt":"2015-06-29T19:43:00","guid":{"rendered":"http:\/\/www.montendre.se\/?page_id=1819"},"modified":"2025-01-11T18:24:00","modified_gmt":"2025-01-11T17:24:00","slug":"ostron","status":"publish","type":"page","link":"https:\/\/www.montendre.se\/?page_id=1819","title":{"rendered":"Ostron"},"content":{"rendered":"<p>De b\u00e4sta ostronen man kan k\u00f6pa i byn \u00e4r de som s\u00e4ljs av en man (vanligtvis) utanf\u00f6r kassan p\u00e5 Intermarch\u00e9. Han brukar st\u00e5 d\u00e4r p\u00e5 l\u00f6rdagar men ibland \u00e4ven p\u00e5 fredag kv\u00e4llar och p\u00e5 s\u00f6ndag f\u00f6rmiddagar. (Tror det \u00e4r de h\u00e4r <a href=\"https:\/\/huitresmoreau.wordpress.com\" target=\"_blank\" rel=\"noopener\">Huitres Moreau<\/a>.)<\/p>\n<p>De n\u00e4st b\u00e4sta k\u00f6ps p\u00e5 marknaden p\u00e5 torsdagar av han som st\u00e5r vid gamla hallarna. Han s\u00e4ljer ostron och ibland bl\u00e5musslor, vongole (palourde p\u00e5 franska) och hj\u00e4rtmusslor.<\/p>\n","protected":false},"excerpt":{"rendered":"<p>De b\u00e4sta ostronen man kan k\u00f6pa i byn \u00e4r de som s\u00e4ljs av en man (vanligtvis) utanf\u00f6r kassan p\u00e5 Intermarch\u00e9. Han brukar st\u00e5 d\u00e4r p\u00e5 l\u00f6rdagar men ibland \u00e4ven p\u00e5 fredag kv\u00e4llar och p\u00e5 s\u00f6ndag f\u00f6rmiddagar. (Tror det \u00e4r de h\u00e4r Huitres Moreau.) De n\u00e4st b\u00e4sta k\u00f6ps p\u00e5 marknaden p\u00e5 &#8230;<\/p>\n","protected":false},"author":1,"featured_media":0,"parent":0,"menu_order":35,"comment_status":"closed","ping_status":"closed","template":"","meta":{"jetpack_post_was_ever_published":false,"footnotes":""},"jetpack_sharing_enabled":true,"_links":{"self":[{"href":"https:\/\/www.montendre.se\/index.php?rest_route=\/wp\/v2\/pages\/1819"}],"collection":[{"href":"https:\/\/www.montendre.se\/index.php?rest_route=\/wp\/v2\/pages"}],"about":[{"href":"https:\/\/www.montendre.se\/index.php?rest_route=\/wp\/v2\/types\/page"}],"author":[{"embeddable":true,"href":"https:\/\/www.montendre.se\/index.php?rest_route=\/wp\/v2\/users\/1"}],"replies":[{"embeddable":true,"href":"https:\/\/www.montendre.se\/index.php?rest_route=%2Fwp%2Fv2%2Fcomments&post=1819"}],"version-history":[{"count":5,"href":"https:\/\/www.montendre.se\/index.php?rest_route=\/wp\/v2\/pages\/1819\/revisions"}],"predecessor-version":[{"id":6636,"href":"https:\/\/www.montendre.se\/index.php?rest_route=\/wp\/v2\/pages\/1819\/revisions\/6636"}],"wp:attachment":[{"href":"https:\/\/www.montendre.se\/index.php?rest_route=%2Fwp%2Fv2%2Fmedia&parent=1819"}],"curies":[{"name":"wp","href":"https:\/\/api.w.org\/{rel}","templated":true}]}}